{"id":2,"date":"2009-06-21T17:21:54","date_gmt":"2009-06-21T15:21:54","guid":{"rendered":"http:\/\/amo.webalpa.fr\/tsumugi\/?page_id=2"},"modified":"2016-02-26T15:07:31","modified_gmt":"2016-02-26T13:07:31","slug":"a-propos","status":"publish","type":"page","link":"https:\/\/tsumugi.neantvert.eu\/?page_id=2","title":{"rendered":"\u00c0 propos"},"content":{"rendered":"<p>Tsumugi fut lanc\u00e9e officiellement le 29 Juin 2009 pour f\u00eater les deux ann\u00e9es d&rsquo;existence du <a href=\"http:\/\/neantvert.eu\/\">blog N\u00e9ant Vert<\/a>, en partant de deux objectifs: celui de faire une webradio qui saurait convenir \u00e0 la fois aux geeks les plus acharn\u00e9s, mais \u00e9galement de faire une webradio qui rendrait cette culture musicale accessible \u00e0 tous et \u00e0 toutes.<\/p>\n<p>Si la webradio fut nomm\u00e9 Tsumugi, ce n&rsquo;est pas compl\u00e9tement par hasard. Le personnage de Tsumugi dans K-On! est la clavi\u00e9riste du groupe, et sans doute le personnage le plus discret du quatuor principal. Mais n\u00e9anmoins elle est riche, g\u00e9n\u00e9reuse et sait acceuillir les gens &#8211; un peu comme l&rsquo;id\u00e9e comme je me fais personnellement de cette radio. En outre, vivant dans une th\u00e9matique musicale, le personnage \u00e9tait finalement id\u00e9al. Et puis elle a des SOURCILS COOL.<\/p>\n<p><img data-recalc-dims=\"1\" loading=\"lazy\" decoding=\"async\" data-attachment-id=\"20\" data-permalink=\"https:\/\/tsumugi.neantvert.eu\/?attachment_id=20\" data-orig-file=\"https:\/\/i0.wp.com\/tsumugi.neantvert.eu\/wp-content\/uploads\/2009\/06\/Mugi.jpg?fit=419%2C355&amp;ssl=1\" data-orig-size=\"419,355\" data-comments-opened=\"1\" data-image-meta=\"{&quot;aperture&quot;:&quot;0&quot;,&quot;credit&quot;:&quot;&quot;,&quot;camera&quot;:&quot;&quot;,&quot;caption&quot;:&quot;&quot;,&quot;created_timestamp&quot;:&quot;0&quot;,&quot;copyright&quot;:&quot;&quot;,&quot;focal_length&quot;:&quot;0&quot;,&quot;iso&quot;:&quot;0&quot;,&quot;shutter_speed&quot;:&quot;0&quot;,&quot;title&quot;:&quot;&quot;}\" data-image-title=\"Mugi\" data-image-description=\"&lt;p&gt;Mugi chan \\o\/.&lt;\/p&gt;\n\" data-image-caption=\"\" data-medium-file=\"https:\/\/i0.wp.com\/tsumugi.neantvert.eu\/wp-content\/uploads\/2009\/06\/Mugi.jpg?fit=300%2C254&amp;ssl=1\" data-large-file=\"https:\/\/i0.wp.com\/tsumugi.neantvert.eu\/wp-content\/uploads\/2009\/06\/Mugi.jpg?fit=419%2C355&amp;ssl=1\" class=\"aligncenter size-full wp-image-20\" title=\"Mugi\" src=\"https:\/\/i0.wp.com\/tsumugi.forum-thalie.fr\/wp-content\/uploads\/2009\/06\/Mugi.jpg?resize=419%2C355\" alt=\"Mugi\" width=\"419\" height=\"355\" srcset=\"https:\/\/i0.wp.com\/tsumugi.neantvert.eu\/wp-content\/uploads\/2009\/06\/Mugi.jpg?w=419&amp;ssl=1 419w, https:\/\/i0.wp.com\/tsumugi.neantvert.eu\/wp-content\/uploads\/2009\/06\/Mugi.jpg?resize=300%2C254&amp;ssl=1 300w\" sizes=\"auto, (max-width: 419px) 100vw, 419px\" \/><\/p>\n<p>C&rsquo;est tout ce que j&rsquo;ai \u00e0 dire pour le moment \u00e8_\u00e9.<\/p>\n","protected":false},"excerpt":{"rendered":"<p>Tsumugi fut lanc\u00e9e officiellement le 29 Juin 2009 pour f\u00eater les deux ann\u00e9es d&rsquo;existence du blog N\u00e9ant Vert, en partant de deux objectifs: celui de faire une webradio qui saurait convenir \u00e0 la fois aux geeks les plus acharn\u00e9s, mais &hellip; <a href=\"https:\/\/tsumugi.neantvert.eu\/?page_id=2\">Continuer la lecture <span class=\"meta-nav\">&rarr;<\/span><\/a><\/p>\n","protected":false},"author":1,"featured_media":0,"parent":0,"menu_order":0,"comment_status":"open","ping_status":"open","template":"","meta":{"jetpack_post_was_ever_published":false,"footnotes":""},"class_list":["post-2","page","type-page","status-publish","hentry"],"jetpack_sharing_enabled":true,"jetpack_shortlink":"https:\/\/wp.me\/P7hnbf-2","jetpack-related-posts":[],"_links":{"self":[{"href":"https:\/\/tsumugi.neantvert.eu\/index.php?rest_route=\/wp\/v2\/pages\/2","targetHints":{"allow":["GET"]}}],"collection":[{"href":"https:\/\/tsumugi.neantvert.eu\/index.php?rest_route=\/wp\/v2\/pages"}],"about":[{"href":"https:\/\/tsumugi.neantvert.eu\/index.php?rest_route=\/wp\/v2\/types\/page"}],"author":[{"embeddable":true,"href":"https:\/\/tsumugi.neantvert.eu\/index.php?rest_route=\/wp\/v2\/users\/1"}],"replies":[{"embeddable":true,"href":"https:\/\/tsumugi.neantvert.eu\/index.php?rest_route=%2Fwp%2Fv2%2Fcomments&post=2"}],"version-history":[{"count":5,"href":"https:\/\/tsumugi.neantvert.eu\/index.php?rest_route=\/wp\/v2\/pages\/2\/revisions"}],"predecessor-version":[{"id":427,"href":"https:\/\/tsumugi.neantvert.eu\/index.php?rest_route=\/wp\/v2\/pages\/2\/revisions\/427"}],"wp:attachment":[{"href":"https:\/\/tsumugi.neantvert.eu\/index.php?rest_route=%2Fwp%2Fv2%2Fmedia&parent=2"}],"curies":[{"name":"wp","href":"https:\/\/api.w.org\/{rel}","templated":true}]}}